{"id":52,"date":"2024-05-21T10:31:08","date_gmt":"2024-05-21T08:31:08","guid":{"rendered":"https:\/\/ongdiko.org\/skill4aid\/?page_id=52"},"modified":"2024-05-31T11:16:33","modified_gmt":"2024-05-31T09:16:33","slug":"vision","status":"publish","type":"page","link":"https:\/\/ongdiko.org\/siriyo\/vision\/","title":{"rendered":"Vision"},"content":{"rendered":"\t\t<div data-elementor-type=\"wp-page\" data-elementor-id=\"52\" class=\"elementor elementor-52\">\n\t\t\t\t\t\t<section class=\"elementor-section elementor-top-section elementor-element elementor-element-3a0958f4 elementor-section-boxed elementor-section-height-default elementor-section-height-default\" data-id=\"3a0958f4\" data-element_type=\"section\" data-settings=\"{&quot;background_background&quot;:&quot;classic&quot;}\">\n\t\t\t\t\t\t<div class=\"elementor-container elementor-column-gap-default\">\n\t\t\t\t\t<div class=\"elementor-column elementor-col-100 elementor-top-column elementor-element elementor-element-4b63df6d\" data-id=\"4b63df6d\" data-element_type=\"column\" data-settings=\"{&quot;background_background&quot;:&quot;classic&quot;}\">\n\t\t\t<div class=\"elementor-widget-wrap elementor-element-populated\">\n\t\t\t\t\t<div class=\"elementor-background-overlay\"><\/div>\n\t\t\t\t\t\t<div class=\"elementor-element elementor-element-65870e6d elementor-widget elementor-widget-elementskit-heading\" data-id=\"65870e6d\" data-element_type=\"widget\" data-widget_type=\"elementskit-heading.default\">\n\t\t\t\t<div class=\"elementor-widget-container\">\n\t\t\t\t\t<div class=\"ekit-wid-con\" ><div class=\"ekit-heading elementskit-section-title-wraper text_left   ekit_heading_tablet-   ekit_heading_mobile-\"><h2 class=\"ekit-heading--title elementskit-section-title \">Vision<\/h2>\t\t\t\t<div class='ekit-heading__description'>\n\t\t\t\t\t<p>Coordonner et rassembler les ONGN\/L selon leurs sp\u00e9cialit\u00e9s,<\/p>\n<p>compl\u00e9mentarit\u00e9s, forces et faiblesses pour former des synergies,<\/p>\n<p>consortiums autour de programmes de pr\u00e9vention et r\u00e9ponses<\/p>\n<p>humanitaires \u00e0 long terme.<\/p>\n\t\t\t\t<\/div>\n\t\t\t<\/div><\/div>\t\t\t\t<\/div>\n\t\t\t\t<\/div>\n\t\t\t\t\t<\/div>\n\t\t<\/div>\n\t\t\t\t\t<\/div>\n\t\t<\/section>\n\t\t\t\t<section class=\"elementor-section elementor-top-section elementor-element elementor-element-a37f1ba elementor-section-height-min-height elementor-section-full_width elementor-section-height-default elementor-section-items-middle\" data-id=\"a37f1ba\" data-element_type=\"section\" data-settings=\"{&quot;background_background&quot;:&quot;classic&quot;}\">\n\t\t\t\t\t\t\t<div class=\"elementor-background-overlay\"><\/div>\n\t\t\t\t\t\t\t<div class=\"elementor-container elementor-column-gap-default\">\n\t\t\t\t\t<div class=\"elementor-column elementor-col-100 elementor-top-column elementor-element elementor-element-1306a8e3\" data-id=\"1306a8e3\" data-element_type=\"column\" data-settings=\"{&quot;background_background&quot;:&quot;classic&quot;}\">\n\t\t\t<div class=\"elementor-widget-wrap elementor-element-populated\">\n\t\t\t\t\t<div class=\"elementor-background-overlay\"><\/div>\n\t\t\t\t\t\t<section class=\"elementor-section elementor-inner-section elementor-element elementor-element-293e3867 elementor-section-boxed elementor-section-height-default elementor-section-height-default\" data-id=\"293e3867\" data-element_type=\"section\">\n\t\t\t\t\t\t<div class=\"elementor-container elementor-column-gap-default\">\n\t\t\t\t\t<div class=\"elementor-column elementor-col-100 elementor-inner-column elementor-element elementor-element-2fab6ae2\" data-id=\"2fab6ae2\" data-element_type=\"column\">\n\t\t\t<div class=\"elementor-widget-wrap elementor-element-populated\">\n\t\t\t\t\t\t<div class=\"elementor-element elementor-element-d5f595d elementor-widget elementor-widget-heading\" data-id=\"d5f595d\" data-element_type=\"widget\" data-widget_type=\"heading.default\">\n\t\t\t\t<div class=\"elementor-widget-container\">\n\t\t\t\t\t<h2 class=\"elementor-heading-title elementor-size-default\">La localisation est le cheminement par lequel les acteurs nationaux et locaux deviennent les leaders de l'action humanitaire.<\/h2>\t\t\t\t<\/div>\n\t\t\t\t<\/div>\n\t\t\t\t<div class=\"elementor-element elementor-element-5a83b1e elementor-widget elementor-widget-text-editor\" data-id=\"5a83b1e\" data-element_type=\"widget\" data-widget_type=\"text-editor.default\">\n\t\t\t\t<div class=\"elementor-widget-container\">\n\t\t\t\t\t\t\t\t\t<p>La localisation est le moyen de r\u00e9\u00e9quilibrer les relations entre les acteurs internationaux et locaux, en donnant \u00e0 ces derniers un r\u00f4le plus central dans l&rsquo;organisation de l&rsquo;aide. Il s&rsquo;agit de transformer les rapports de force entre les organisations, en transf\u00e9rant au niveau local le contr\u00f4le des ressources financi\u00e8res et de la prise de d\u00e9cision. <br \/>L&rsquo;objectif est de transformer les relations de pouvoir entre les organisations, en transf\u00e9rant le contr\u00f4le des ressources financi\u00e8res et la prise de d\u00e9cision au niveau local.<\/p>\t\t\t\t\t\t\t\t<\/div>\n\t\t\t\t<\/div>\n\t\t\t\t<div class=\"elementor-element elementor-element-b5021c6 elementor-widget elementor-widget-heading\" data-id=\"b5021c6\" data-element_type=\"widget\" data-widget_type=\"heading.default\">\n\t\t\t\t<div class=\"elementor-widget-container\">\n\t\t\t\t\t<h2 class=\"elementor-heading-title elementor-size-default\">Les recommandations<\/h2>\t\t\t\t<\/div>\n\t\t\t\t<\/div>\n\t\t\t\t<div class=\"elementor-element elementor-element-b96b1d6 elementor-widget elementor-widget-text-editor\" data-id=\"b96b1d6\" data-element_type=\"widget\" data-widget_type=\"text-editor.default\">\n\t\t\t\t<div class=\"elementor-widget-container\">\n\t\t\t\t\t\t\t\t\t<ul><li>Renforcer les capacit\u00e9s en gestion et transparence financi\u00e8re\u00a0; gestion des risques de d\u00e9tournement de fonds\/corruption\/conflits d\u2019int\u00e9r\u00eats\u00a0; communication et mobilisation des ressources.<\/li><li>Formations syst\u00e9matiques sur les principes humanitaires et PSEA\u00a0;<\/li><li>Renforcer les comp\u00e9tences en gestion des ressources humaines et d\u00e9l\u00e9gation de pouvoirs.<\/li><li>Coordonner et rassembler les ONGN\/L selon leurs sp\u00e9cialit\u00e9s, compl\u00e9mentarit\u00e9s, forces et faiblesses pour former des synergies, consortiums autour de programmes de pr\u00e9vention et r\u00e9ponses humanitaires \u00e0 long terme.<\/li><li>Favoriser les partenariats strat\u00e9giques longs termes entre ONGN\/L et acteurs humanitaires internationaux, avec des fonds d\u00e9di\u00e9s \u00e0 la gestion des RH\u00a0et au renforcement de capacit\u00e9s organisationnelles.<\/li><\/ul>\t\t\t\t\t\t\t\t<\/div>\n\t\t\t\t<\/div>\n\t\t\t\t\t<\/div>\n\t\t<\/div>\n\t\t\t\t\t<\/div>\n\t\t<\/section>\n\t\t\t\t\t<\/div>\n\t\t<\/div>\n\t\t\t\t\t<\/div>\n\t\t<\/section>\n\t\t\t\t<\/div>\n\t\t","protected":false},"excerpt":{"rendered":"<p>Vision Coordonner et rassembler les ONGN\/L selon leurs sp\u00e9cialit\u00e9s, compl\u00e9mentarit\u00e9s, forces et faiblesses pour former des synergies, consortiums autour de programmes de pr\u00e9vention et r\u00e9ponses humanitaires \u00e0 long terme. La localisation est le cheminement par lequel les acteurs nationaux et locaux deviennent les leaders de l&rsquo;action humanitaire. La localisation est le moyen de r\u00e9\u00e9quilibrer les [&hellip;]<\/p>\n","protected":false},"author":1,"featured_media":0,"parent":0,"menu_order":0,"comment_status":"closed","ping_status":"closed","template":"elementor_canvas","meta":{"footnotes":""},"class_list":["post-52","page","type-page","status-publish","hentry"],"_links":{"self":[{"href":"https:\/\/ongdiko.org\/siriyo\/wp-json\/wp\/v2\/pages\/52","targetHints":{"allow":["GET"]}}],"collection":[{"href":"https:\/\/ongdiko.org\/siriyo\/wp-json\/wp\/v2\/pages"}],"about":[{"href":"https:\/\/ongdiko.org\/siriyo\/wp-json\/wp\/v2\/types\/page"}],"author":[{"embeddable":true,"href":"https:\/\/ongdiko.org\/siriyo\/wp-json\/wp\/v2\/users\/1"}],"replies":[{"embeddable":true,"href":"https:\/\/ongdiko.org\/siriyo\/wp-json\/wp\/v2\/comments?post=52"}],"version-history":[{"count":22,"href":"https:\/\/ongdiko.org\/siriyo\/wp-json\/wp\/v2\/pages\/52\/revisions"}],"predecessor-version":[{"id":503,"href":"https:\/\/ongdiko.org\/siriyo\/wp-json\/wp\/v2\/pages\/52\/revisions\/503"}],"wp:attachment":[{"href":"https:\/\/ongdiko.org\/siriyo\/wp-json\/wp\/v2\/media?parent=52"}],"curies":[{"name":"wp","href":"https:\/\/api.w.org\/{rel}","templated":true}]}}