{"id":50,"date":"2024-05-21T10:29:56","date_gmt":"2024-05-21T08:29:56","guid":{"rendered":"https:\/\/ongdiko.org\/skill4aid\/?page_id=50"},"modified":"2024-05-31T11:12:15","modified_gmt":"2024-05-31T09:12:15","slug":"notre-mission","status":"publish","type":"page","link":"https:\/\/ongdiko.org\/siriyo\/notre-mission\/","title":{"rendered":"Notre mission"},"content":{"rendered":"\t\t<div data-elementor-type=\"wp-page\" data-elementor-id=\"50\" class=\"elementor elementor-50\">\n\t\t\t\t\t\t<section class=\"elementor-section elementor-top-section elementor-element elementor-element-449d40f9 elementor-section-boxed elementor-section-height-default elementor-section-height-default\" data-id=\"449d40f9\" data-element_type=\"section\" data-settings=\"{&quot;background_background&quot;:&quot;classic&quot;}\">\n\t\t\t\t\t\t<div class=\"elementor-container elementor-column-gap-default\">\n\t\t\t\t\t<div class=\"elementor-column elementor-col-100 elementor-top-column elementor-element elementor-element-7128f5da\" data-id=\"7128f5da\" data-element_type=\"column\" data-settings=\"{&quot;background_background&quot;:&quot;classic&quot;}\">\n\t\t\t<div class=\"elementor-widget-wrap elementor-element-populated\">\n\t\t\t\t\t<div class=\"elementor-background-overlay\"><\/div>\n\t\t\t\t\t\t<div class=\"elementor-element elementor-element-13c417a elementor-widget elementor-widget-elementskit-heading\" data-id=\"13c417a\" data-element_type=\"widget\" data-widget_type=\"elementskit-heading.default\">\n\t\t\t\t<div class=\"elementor-widget-container\">\n\t\t\t\t\t<div class=\"ekit-wid-con\" ><div class=\"ekit-heading elementskit-section-title-wraper text_left   ekit_heading_tablet-   ekit_heading_mobile-\"><h2 class=\"ekit-heading--title elementskit-section-title \">Notre mission<\/h2>\t\t\t\t<div class='ekit-heading__description'>\n\t\t\t\t\t<p>Contribuer \u00e0 l\u2019am\u00e9lioration du leadership humanitaire local des ONG<\/p>\n<p>nationales afin de renforcer l\u2019efficacit\u00e9 de leur action sur le terrain.<\/p>\n\t\t\t\t<\/div>\n\t\t\t<\/div><\/div>\t\t\t\t<\/div>\n\t\t\t\t<\/div>\n\t\t\t\t\t<\/div>\n\t\t<\/div>\n\t\t\t\t\t<\/div>\n\t\t<\/section>\n\t\t\t\t<section class=\"elementor-section elementor-top-section elementor-element elementor-element-e5a4680 elementor-section-full_width elementor-section-height-default elementor-section-height-default\" data-id=\"e5a4680\" data-element_type=\"section\" data-settings=\"{&quot;background_background&quot;:&quot;classic&quot;}\">\n\t\t\t\t\t\t<div class=\"elementor-container elementor-column-gap-default\">\n\t\t\t\t\t<div class=\"elementor-column elementor-col-100 elementor-top-column elementor-element elementor-element-4fd7fbbe\" data-id=\"4fd7fbbe\" data-element_type=\"column\" data-settings=\"{&quot;background_background&quot;:&quot;classic&quot;}\">\n\t\t\t<div class=\"elementor-widget-wrap elementor-element-populated\">\n\t\t\t\t\t\t<section class=\"elementor-section elementor-inner-section elementor-element elementor-element-7ac1b5b7 elementor-section-boxed elementor-section-height-default elementor-section-height-default\" data-id=\"7ac1b5b7\" data-element_type=\"section\">\n\t\t\t\t\t\t<div class=\"elementor-container elementor-column-gap-default\">\n\t\t\t\t\t<div class=\"elementor-column elementor-col-50 elementor-inner-column elementor-element elementor-element-e175378\" data-id=\"e175378\" data-element_type=\"column\">\n\t\t\t<div class=\"elementor-widget-wrap elementor-element-populated\">\n\t\t\t\t\t\t<div class=\"elementor-element elementor-element-6632f834 elementor-widget elementor-widget-elementskit-heading\" data-id=\"6632f834\" data-element_type=\"widget\" data-widget_type=\"elementskit-heading.default\">\n\t\t\t\t<div class=\"elementor-widget-container\">\n\t\t\t\t\t<div class=\"ekit-wid-con\" ><div class=\"ekit-heading elementskit-section-title-wraper text_left   ekit_heading_tablet-   ekit_heading_mobile-\">\t\t\t\t<div class='ekit-heading__description'>\n\t\t\t\t\t<p>Au Niger, il y a un grand nombre d\u2019ONGN\/L, environ 4000 et une diversit\u00e9 de profils : en termes de taille (locale, nationale), en termes de mandats (acteurs et actrices de l\u2019urgence, organisations multi-mandants), de localisation g\u00e9ographique Niamey, Diffa, Tillab\u00e9ry, Tahoua, Maradi, de secteur d\u2019activit\u00e9s (protection, s\u00e9curit\u00e9 alimentaire, sant\u00e9, \u00e9ducation, WASH, Abris, rel\u00e8vement pr\u00e9coce, nutrition, transfert mon\u00e9taire\u2026)<\/p>\n<p>La SONAH regroupe 84 ONGN\/L et r\u00e9seaux \u0153uvrant dans l\u2019humanitaire. Pour une mise en \u0153uvre de la localisation, il y a lieu avant tout de conna\u00eetre les acteurs locaux qui existent r\u00e9ellement et \u00e9valuer leurs capacit\u00e9s techniques et organisationnelles.<\/p>\n<p>La plateforme donne l'opportunit\u00e9 de rendre les organisations et les projets visibles au niveau mondial, et de renforcer les comp\u00e9tences des ONG locales et nationales gr\u00e2ce \u00e0 des sessions de coaching\/et de formation.<\/p>\n\t\t\t\t<\/div>\n\t\t\t<\/div><\/div>\t\t\t\t<\/div>\n\t\t\t\t<\/div>\n\t\t\t\t\t<\/div>\n\t\t<\/div>\n\t\t\t\t<div class=\"elementor-column elementor-col-50 elementor-inner-column elementor-element elementor-element-594e2478\" data-id=\"594e2478\" data-element_type=\"column\">\n\t\t\t<div class=\"elementor-widget-wrap elementor-element-populated\">\n\t\t\t\t\t\t<div class=\"elementor-element elementor-element-1bccefd8 elementor-widget elementor-widget-image\" data-id=\"1bccefd8\" data-element_type=\"widget\" data-widget_type=\"image.default\">\n\t\t\t\t<div class=\"elementor-widget-container\">\n\t\t\t\t\t\t\t\t\t\t\t\t\t\t\t<img fetchpriority=\"high\" decoding=\"async\" width=\"635\" height=\"577\" src=\"https:\/\/ongdiko.org\/siriyo\/wp-content\/uploads\/2024\/05\/skill4aid.png\" class=\"attachment-large size-large wp-image-462\" alt=\"\" srcset=\"https:\/\/ongdiko.org\/siriyo\/wp-content\/uploads\/2024\/05\/skill4aid.png 635w, https:\/\/ongdiko.org\/siriyo\/wp-content\/uploads\/2024\/05\/skill4aid-300x273.png 300w\" sizes=\"(max-width: 635px) 100vw, 635px\" \/>\t\t\t\t\t\t\t\t\t\t\t\t\t\t\t<\/div>\n\t\t\t\t<\/div>\n\t\t\t\t\t<\/div>\n\t\t<\/div>\n\t\t\t\t\t<\/div>\n\t\t<\/section>\n\t\t\t\t<section class=\"elementor-section elementor-inner-section elementor-element elementor-element-28b1d0c elementor-section-boxed elementor-section-height-default elementor-section-height-default\" data-id=\"28b1d0c\" data-element_type=\"section\">\n\t\t\t\t\t\t<div class=\"elementor-container elementor-column-gap-default\">\n\t\t\t\t\t<div class=\"elementor-column elementor-col-100 elementor-inner-column elementor-element elementor-element-c73c9b4\" data-id=\"c73c9b4\" data-element_type=\"column\">\n\t\t\t<div class=\"elementor-widget-wrap elementor-element-populated\">\n\t\t\t\t\t\t<div class=\"elementor-element elementor-element-730c7f6 elementor-widget elementor-widget-text-editor\" data-id=\"730c7f6\" data-element_type=\"widget\" data-widget_type=\"text-editor.default\">\n\t\t\t\t<div class=\"elementor-widget-container\">\n\t\t\t\t\t\t\t\t\t<p>La localisation, c&rsquo;est la volont\u00e9 de concevoir et de mettre en \u0153uvre les actions d&rsquo;urgence et de d\u00e9veloppement \u00e0 partir de ceux qui sont \u00ab au plus pr\u00e8s du terrain \u00bb. <br \/>Cette exigence de localisation ne se limite pas au domaine de la solidarit\u00e9 internationale, mais s&rsquo;inscrit dans une volont\u00e9 croissante de revenir au \u00ab territoire \u00bb, d&rsquo;ancrer plus localement l&rsquo;action des pouvoirs publics et de la soci\u00e9t\u00e9 civile, et de valoriser les acteurs locaux. Elle fait \u00e9galement \u00e9cho aux logiques de \u00ab d\u00e9sinterm\u00e9diation \u00bb et de \u00ab d\u00e9sinstitutionnalisation \u00bb qui accompagnent l&rsquo;essor du num\u00e9rique. Elle remet en cause la valeur ajout\u00e9e de toute institution interm\u00e9diaire qui peut \u00ab faire \u00e9cran \u00bb \u00e0 un lien direct avec les personnes concern\u00e9es par l&rsquo;action men\u00e9e. <br \/>C&rsquo;est \u00e0 travers cette double logique que l&rsquo;on saisit l&rsquo;\u00e9mergence d&rsquo;une diversit\u00e9 de \u00ab mouvements citoyens \u00bb qui s&rsquo;\u00e9loignent des cadres associatifs traditionnels pour promouvoir des formes d&rsquo;organisation informelles, au plus pr\u00e8s du terrain. <br \/>Pour les ONG internationales, la localisation est essentiellement per\u00e7ue comme le principe d&rsquo;un financement direct des organisations de la soci\u00e9t\u00e9 civile (OSC) partenaires locales.<\/p>\t\t\t\t\t\t\t\t<\/div>\n\t\t\t\t<\/div>\n\t\t\t\t<div class=\"elementor-element elementor-element-6168f32 elementor-widget elementor-widget-heading\" data-id=\"6168f32\" data-element_type=\"widget\" data-widget_type=\"heading.default\">\n\t\t\t\t<div class=\"elementor-widget-container\">\n\t\t\t\t\t<h2 class=\"elementor-heading-title elementor-size-default\">Objectif de la localisation<\/h2>\t\t\t\t<\/div>\n\t\t\t\t<\/div>\n\t\t\t\t<div class=\"elementor-element elementor-element-e519b80 elementor-widget elementor-widget-text-editor\" data-id=\"e519b80\" data-element_type=\"widget\" data-widget_type=\"text-editor.default\">\n\t\t\t\t<div class=\"elementor-widget-container\">\n\t\t\t\t\t\t\t\t\t<p>Les objectifs sp\u00e9cifiques sont les suivants\u00a0:<\/p><ul><li>Comprendre les facteurs limitants l\u2019effectivit\u00e9 de l\u2019approche \u00ab\u00a0localisation de l\u2019aide\u00a0\u00bb par les organisations internationales et bailleurs de fonds signataires des engagements mondiaux sur la localisation notamment le \u00ab\u00a0Grand Bargain\u00a0\u00bb pr\u00e9sents au Niger<\/li><li>Analyser le degr\u00e9 de mise en \u0153uvre des engagements pris par les bailleurs de fonds et ONG internationales pr\u00e9sents au Niger<\/li><li>Identifier des pistes et initiatives visant \u00e0 am\u00e9liorer la mise en \u0153uvre de la localisation au Niger.<\/li><\/ul><p><br \/><br \/><\/p>\t\t\t\t\t\t\t\t<\/div>\n\t\t\t\t<\/div>\n\t\t\t\t\t<\/div>\n\t\t<\/div>\n\t\t\t\t\t<\/div>\n\t\t<\/section>\n\t\t\t\t\t<\/div>\n\t\t<\/div>\n\t\t\t\t\t<\/div>\n\t\t<\/section>\n\t\t\t\t<\/div>\n\t\t","protected":false},"excerpt":{"rendered":"<p>Notre mission Contribuer \u00e0 l\u2019am\u00e9lioration du leadership humanitaire local des ONG nationales afin de renforcer l\u2019efficacit\u00e9 de leur action sur le terrain. Au Niger, il y a un grand nombre d\u2019ONGN\/L, environ 4000 et une diversit\u00e9 de profils : en termes de taille (locale, nationale), en termes de mandats (acteurs et actrices de l\u2019urgence, organisations [&hellip;]<\/p>\n","protected":false},"author":1,"featured_media":0,"parent":0,"menu_order":0,"comment_status":"closed","ping_status":"closed","template":"elementor_canvas","meta":{"footnotes":""},"class_list":["post-50","page","type-page","status-publish","hentry"],"_links":{"self":[{"href":"https:\/\/ongdiko.org\/siriyo\/wp-json\/wp\/v2\/pages\/50","targetHints":{"allow":["GET"]}}],"collection":[{"href":"https:\/\/ongdiko.org\/siriyo\/wp-json\/wp\/v2\/pages"}],"about":[{"href":"https:\/\/ongdiko.org\/siriyo\/wp-json\/wp\/v2\/types\/page"}],"author":[{"embeddable":true,"href":"https:\/\/ongdiko.org\/siriyo\/wp-json\/wp\/v2\/users\/1"}],"replies":[{"embeddable":true,"href":"https:\/\/ongdiko.org\/siriyo\/wp-json\/wp\/v2\/comments?post=50"}],"version-history":[{"count":28,"href":"https:\/\/ongdiko.org\/siriyo\/wp-json\/wp\/v2\/pages\/50\/revisions"}],"predecessor-version":[{"id":499,"href":"https:\/\/ongdiko.org\/siriyo\/wp-json\/wp\/v2\/pages\/50\/revisions\/499"}],"wp:attachment":[{"href":"https:\/\/ongdiko.org\/siriyo\/wp-json\/wp\/v2\/media?parent=50"}],"curies":[{"name":"wp","href":"https:\/\/api.w.org\/{rel}","templated":true}]}}